{"id":2592,"date":"2017-02-21T11:41:08","date_gmt":"2017-02-21T11:41:08","guid":{"rendered":"https:\/\/w7.foxdsgn.com\/napoli.1.7.0\/\/?page_id=2592"},"modified":"2020-10-21T01:54:06","modified_gmt":"2020-10-20T23:54:06","slug":"mon-agence","status":"publish","type":"page","link":"https:\/\/jerome-sornay.fr\/?page_id=2592","title":{"rendered":"Mon Agence"},"content":{"rendered":"<p>[vc_row][vc_column][vc_empty_space height=\u00a0\u00bb50px\u00a0\u00bb][\/vc_column][\/vc_row][vc_row desctop_mb=\u00a0\u00bbmargin-lg-55b\u00a0\u00bb tablets_mb=\u00a0\u00bbmargin-sm-25b\u00a0\u00bb mobile_mb=\u00a0\u00bbmargin-xs-0b\u00a0\u00bb][vc_column][napoli_custom_text_block style=\u00a0\u00bbstyle4&Prime; size=\u00a0\u00bbh2&Prime; title=\u00a0\u00bbl&rsquo;agence &amp; l&rsquo;\u00e9quipe\u00a0\u00bb]<\/p>\n<hr \/>\n<p style=\"text-align: center;\">Agence d&rsquo;architecture d&rsquo;int\u00e9rieur bas\u00e9e \u00e0 Lyon depuis plus de 20ans.<br \/>\nL&rsquo;agence con\u00e7oit et r\u00e9alise une multitude de projets :<br \/>\nR\u00e9novation, Extension, Am\u00e9nagement, Expertise, Cr\u00e9ation de meubles&#8230;<\/p>\n<p style=\"text-align: center;\">Particulier ou professionnel, nous apportons une r\u00e9ponse cr\u00e9ative et adapt\u00e9e \u00e0<br \/>\nchacun de nos clients tout en respectant au maximum leur imp\u00e9ratifs.<\/p>\n<p style=\"text-align: center;\">Nous attachons beaucoup d\u2019importance \u00e0 la qualit\u00e9 des relations et \u00e0 la<br \/>\nconfiance de nos clients. Mon \u00e9quipe &amp; moi m\u00eame sommes l\u00e0 pour vous aider<br \/>\n\u00e0 concevoir &amp; r\u00e9aliser votre projet dans les r\u00e8gles de l&rsquo;art.[\/napoli_custom_text_block][\/vc_column][\/vc_row][vc_row desctop_mb=\u00a0\u00bbmargin-lg-35b\u00a0\u00bb tablets_mb=\u00a0\u00bbmargin-sm-25b\u00a0\u00bb mobile_mb=\u00a0\u00bbmargin-xs-0b\u00a0\u00bb css=\u00a0\u00bb.vc_custom_1487680705354{margin-right: -30px !important;margin-left: -30px !important;}\u00a0\u00bb][vc_column width=\u00a0\u00bb1\/3&Prime;][napoli_team social_fb=\u00a0\u00bb\u00a0\u00bb social_dr=\u00a0\u00bb\u00a0\u00bb social_pnt=\u00a0\u00bb\u00a0\u00bb social_tw=\u00a0\u00bb\u00a0\u00bb name=\u00a0\u00bbX\u00a0\u00bb position=\u00a0\u00bbCollaboratrice\u00a0\u00bb image=\u00a0\u00bb3879&Prime;][\/vc_column][vc_column width=\u00a0\u00bb1\/3&Prime;][napoli_team social_fb=\u00a0\u00bb\u00a0\u00bb social_dr=\u00a0\u00bb\u00a0\u00bb social_pnt=\u00a0\u00bb\u00a0\u00bb social_tw=\u00a0\u00bb\u00a0\u00bb name=\u00a0\u00bbX\u00a0\u00bb position=\u00a0\u00bbCollaborateur\u00a0\u00bb image=\u00a0\u00bb3879&Prime;][\/vc_column][vc_column width=\u00a0\u00bb1\/3&Prime;][napoli_team social_fb=\u00a0\u00bb\u00a0\u00bb social_dr=\u00a0\u00bb\u00a0\u00bb social_pnt=\u00a0\u00bb\u00a0\u00bb social_tw=\u00a0\u00bb\u00a0\u00bb name=\u00a0\u00bbX\u00a0\u00bb position=\u00a0\u00bbChef de Chantier\u00a0\u00bb image=\u00a0\u00bb3879&Prime;][\/vc_column][\/vc_row][vc_row desctop_mb=\u00a0\u00bbmargin-lg-35b\u00a0\u00bb tablets_mb=\u00a0\u00bbmargin-sm-25b\u00a0\u00bb mobile_mb=\u00a0\u00bbmargin-xs-0b\u00a0\u00bb css=\u00a0\u00bb.vc_custom_1487680711935{margin-right: -30px !important;margin-left: -30px !important;}\u00a0\u00bb][vc_column width=\u00a0\u00bb1\/3&Prime;][napoli_team social_fb=\u00a0\u00bb\u00a0\u00bb social_dr=\u00a0\u00bb\u00a0\u00bb social_pnt=\u00a0\u00bb\u00a0\u00bb social_tw=\u00a0\u00bb\u00a0\u00bb name=\u00a0\u00bbX\u00a0\u00bb position=\u00a0\u00bbInfographiste 3D\u00a0\u00bb image=\u00a0\u00bb3879&Prime;][\/vc_column][vc_column width=\u00a0\u00bb1\/3&Prime;][vc_row_inner][vc_column_inner][\/vc_column_inner][\/vc_row_inner][\/vc_column][vc_column width=\u00a0\u00bb1\/3&Prime;][napoli_team social_fb=\u00a0\u00bb\u00a0\u00bb social_dr=\u00a0\u00bb\u00a0\u00bb social_pnt=\u00a0\u00bb\u00a0\u00bb social_tw=\u00a0\u00bb\u00a0\u00bb name=\u00a0\u00bbX\u00a0\u00bb position=\u00a0\u00bbCommunity Manager\u00a0\u00bb image=\u00a0\u00bb3879&Prime;][\/vc_column][\/vc_row][vc_row][vc_column][vc_empty_space height=\u00a0\u00bb50px\u00a0\u00bb][\/vc_column][\/vc_row]<\/p>\n","protected":false},"excerpt":{"rendered":"<p>[vc_row][vc_column][vc_empty_space height=\u00a0\u00bb50px\u00a0\u00bb][\/vc_column][\/vc_row][vc_row desctop_mb=\u00a0\u00bbmargin-lg-55b\u00a0\u00bb tablets_mb=\u00a0\u00bbmargin-sm-25b\u00a0\u00bb mobile_mb=\u00a0\u00bbmargin-xs-0b\u00a0\u00bb][vc_column][napoli_custom_text_block style=\u00a0\u00bbstyle4&Prime; size=\u00a0\u00bbh2&Prime; title=\u00a0\u00bbl&rsquo;agence &amp; l&rsquo;\u00e9quipe\u00a0\u00bb] Agence d&rsquo;architecture d&rsquo;int\u00e9rieur bas\u00e9e \u00e0 Lyon depuis plus de 20ans. L&rsquo;agence con\u00e7oit et r\u00e9alise une multitude de projets : R\u00e9novation, Extension, Am\u00e9nagement, Expertise, Cr\u00e9ation de meubles&#8230; Particulier ou professionnel, nous apportons une r\u00e9ponse cr\u00e9ative et adapt\u00e9e \u00e0 chacun de nos clients tout en respectant au [&hellip;]<\/p>\n","protected":false},"author":1,"featured_media":0,"parent":0,"menu_order":0,"comment_status":"closed","ping_status":"closed","template":"","meta":[],"_links":{"self":[{"href":"https:\/\/jerome-sornay.fr\/index.php?rest_route=\/wp\/v2\/pages\/2592"}],"collection":[{"href":"https:\/\/jerome-sornay.fr\/index.php?rest_route=\/wp\/v2\/pages"}],"about":[{"href":"https:\/\/jerome-sornay.fr\/index.php?rest_route=\/wp\/v2\/types\/page"}],"author":[{"embeddable":true,"href":"https:\/\/jerome-sornay.fr\/index.php?rest_route=\/wp\/v2\/users\/1"}],"replies":[{"embeddable":true,"href":"https:\/\/jerome-sornay.fr\/index.php?rest_route=%2Fwp%2Fv2%2Fcomments&post=2592"}],"version-history":[{"count":31,"href":"https:\/\/jerome-sornay.fr\/index.php?rest_route=\/wp\/v2\/pages\/2592\/revisions"}],"predecessor-version":[{"id":3992,"href":"https:\/\/jerome-sornay.fr\/index.php?rest_route=\/wp\/v2\/pages\/2592\/revisions\/3992"}],"wp:attachment":[{"href":"https:\/\/jerome-sornay.fr\/index.php?rest_route=%2Fwp%2Fv2%2Fmedia&parent=2592"}],"curies":[{"name":"wp","href":"https:\/\/api.w.org\/{rel}","templated":true}]}}