{"id":216,"date":"2015-06-17T12:59:18","date_gmt":"2015-06-17T09:59:18","guid":{"rendered":"https:\/\/w7.foxdsgn.com\/napoli\/?page_id=216"},"modified":"2020-10-21T01:54:37","modified_gmt":"2020-10-20T23:54:37","slug":"contact","status":"publish","type":"page","link":"https:\/\/jerome-sornay.fr\/?page_id=216","title":{"rendered":"Contact"},"content":{"rendered":"<p>[vc_row][vc_column][vc_empty_space height=\u00a0\u00bb50px\u00a0\u00bb][\/vc_column][\/vc_row][vc_row][vc_column][vc_gmaps link=\u00a0\u00bb#E-8_JTNDaWZyYW1lJTIwc3JjJTNEJTIyaHR0cHMlM0ElMkYlMkZ3d3cuZ29vZ2xlLmNvbSUyRm1hcHMlMkZlbWJlZCUzRnBiJTNEJTIxMW0xNCUyMTFtOCUyMTFtMyUyMTFkMjc4Mi43MjUyNjY0Njg5MzYlMjEyZDQuODMzNTkyNTk3Nzk2MDc2JTIxM2Q0NS43NzY2OTU4OTU5Mzc2NjQlMjEzbTIlMjExaTEwMjQlMjEyaTc2OCUyMTRmMTMuMSUyMTNtMyUyMTFtMiUyMTFzMHgwJTI1M0EweDVlYzhjZjhhZGQ0MzhmZGMlMjEyelNzT3Bjc08wYldVZ1UyOXlibUY1SUhOaGNtdyUyMTVlMCUyMTNtMiUyMTFzZnIlMjEyc3VrJTIxNHYxNjAyODA1Mzg1ODM1JTIxNW0yJTIxMXNmciUyMTJzdWslMjIlMjB3aWR0aCUzRCUyMjYwMCUyMiUyMGhlaWdodCUzRCUyMjQ1MCUyMiUyMGZyYW1lYm9yZGVyJTNEJTIyMCUyMiUyMHN0eWxlJTNEJTIyYm9yZGVyJTNBMCUzQiUyMiUyMGFsbG93ZnVsbHNjcmVlbiUzRCUyMiUyMiUyMGFyaWEtaGlkZGVuJTNEJTIyZmFsc2UlMjIlMjB0YWJpbmRleCUzRCUyMjAlMjIlM0UlM0MlMkZpZnJhbWUlM0U=\u00a0\u00bb size=\u00a0\u00bbPETIT\u00a0\u00bb][vc_hoverbox image=\u00a0\u00bb3865&Prime; primary_title=\u00a0\u00bbVenez Nous Rencontrer !\u00a0\u00bb primary_title_font_container=\u00a0\u00bbcolor:%23ffffff\u00a0\u00bb primary_title_use_theme_fonts=\u00a0\u00bbyes\u00a0\u00bb hover_title=\u00a0\u00bb\u00a0\u00bb hover_title_font_container=\u00a0\u00bbfont_size:15&Prime; hover_title_google_fonts=\u00a0\u00bbfont_family:Montserrat%3Aregular%2C700|font_style:400%20regular%3A400%3Anormal\u00a0\u00bb hover_background_color=\u00a0\u00bbwhite\u00a0\u00bb el_width=\u00a0\u00bb50&Prime; use_custom_fonts_primary_title=\u00a0\u00bbtrue\u00a0\u00bb use_custom_fonts_hover_title=\u00a0\u00bbtrue\u00a0\u00bb reverse=\u00a0\u00bbtrue\u00a0\u00bb]<\/p>\n<p style=\"text-align: center;\"><strong>J\u00e9r\u00f4me Sornay sarl<\/strong><\/p>\n<hr \/>\n<p style=\"text-align: center;\">10 Rue de Belfort<\/p>\n<p>69004 Lyon &#8211; Croix Rousse<\/p>\n<p>T\u00e9l\u00e9phone : 04 78 30 16 16[\/vc_hoverbox][\/vc_column][\/vc_row][vc_row][vc_column][vc_empty_space][\/vc_column][\/vc_row]<\/p>\n","protected":false},"excerpt":{"rendered":"<p>[vc_row][vc_column][vc_empty_space height=\u00a0\u00bb50px\u00a0\u00bb][\/vc_column][\/vc_row][vc_row][vc_column][vc_gmaps link=\u00a0\u00bb#E-8_JTNDaWZyYW1lJTIwc3JjJTNEJTIyaHR0cHMlM0ElMkYlMkZ3d3cuZ29vZ2xlLmNvbSUyRm1hcHMlMkZlbWJlZCUzRnBiJTNEJTIxMW0xNCUyMTFtOCUyMTFtMyUyMTFkMjc4Mi43MjUyNjY0Njg5MzYlMjEyZDQuODMzNTkyNTk3Nzk2MDc2JTIxM2Q0NS43NzY2OTU4OTU5Mzc2NjQlMjEzbTIlMjExaTEwMjQlMjEyaTc2OCUyMTRmMTMuMSUyMTNtMyUyMTFtMiUyMTFzMHgwJTI1M0EweDVlYzhjZjhhZGQ0MzhmZGMlMjEyelNzT3Bjc08wYldVZ1UyOXlibUY1SUhOaGNtdyUyMTVlMCUyMTNtMiUyMTFzZnIlMjEyc3VrJTIxNHYxNjAyODA1Mzg1ODM1JTIxNW0yJTIxMXNmciUyMTJzdWslMjIlMjB3aWR0aCUzRCUyMjYwMCUyMiUyMGhlaWdodCUzRCUyMjQ1MCUyMiUyMGZyYW1lYm9yZGVyJTNEJTIyMCUyMiUyMHN0eWxlJTNEJTIyYm9yZGVyJTNBMCUzQiUyMiUyMGFsbG93ZnVsbHNjcmVlbiUzRCUyMiUyMiUyMGFyaWEtaGlkZGVuJTNEJTIyZmFsc2UlMjIlMjB0YWJpbmRleCUzRCUyMjAlMjIlM0UlM0MlMkZpZnJhbWUlM0U=\u00a0\u00bb size=\u00a0\u00bbPETIT\u00a0\u00bb][vc_hoverbox image=\u00a0\u00bb3865&Prime; primary_title=\u00a0\u00bbVenez Nous Rencontrer !\u00a0\u00bb primary_title_font_container=\u00a0\u00bbcolor:%23ffffff\u00a0\u00bb primary_title_use_theme_fonts=\u00a0\u00bbyes\u00a0\u00bb hover_title=\u00a0\u00bb\u00a0\u00bb hover_title_font_container=\u00a0\u00bbfont_size:15&Prime; hover_title_google_fonts=\u00a0\u00bbfont_family:Montserrat%3Aregular%2C700|font_style:400%20regular%3A400%3Anormal\u00a0\u00bb hover_background_color=\u00a0\u00bbwhite\u00a0\u00bb el_width=\u00a0\u00bb50&Prime; use_custom_fonts_primary_title=\u00a0\u00bbtrue\u00a0\u00bb use_custom_fonts_hover_title=\u00a0\u00bbtrue\u00a0\u00bb reverse=\u00a0\u00bbtrue\u00a0\u00bb] J\u00e9r\u00f4me Sornay sarl 10 Rue de Belfort 69004 Lyon &#8211; Croix Rousse T\u00e9l\u00e9phone : 04 78 30 16 16[\/vc_hoverbox][\/vc_column][\/vc_row][vc_row][vc_column][vc_empty_space][\/vc_column][\/vc_row]<\/p>\n","protected":false},"author":1,"featured_media":0,"parent":0,"menu_order":4,"comment_status":"closed","ping_status":"closed","template":"","meta":[],"_links":{"self":[{"href":"https:\/\/jerome-sornay.fr\/index.php?rest_route=\/wp\/v2\/pages\/216"}],"collection":[{"href":"https:\/\/jerome-sornay.fr\/index.php?rest_route=\/wp\/v2\/pages"}],"about":[{"href":"https:\/\/jerome-sornay.fr\/index.php?rest_route=\/wp\/v2\/types\/page"}],"author":[{"embeddable":true,"href":"https:\/\/jerome-sornay.fr\/index.php?rest_route=\/wp\/v2\/users\/1"}],"replies":[{"embeddable":true,"href":"https:\/\/jerome-sornay.fr\/index.php?rest_route=%2Fwp%2Fv2%2Fcomments&post=216"}],"version-history":[{"count":38,"href":"https:\/\/jerome-sornay.fr\/index.php?rest_route=\/wp\/v2\/pages\/216\/revisions"}],"predecessor-version":[{"id":3993,"href":"https:\/\/jerome-sornay.fr\/index.php?rest_route=\/wp\/v2\/pages\/216\/revisions\/3993"}],"wp:attachment":[{"href":"https:\/\/jerome-sornay.fr\/index.php?rest_route=%2Fwp%2Fv2%2Fmedia&parent=216"}],"curies":[{"name":"wp","href":"https:\/\/api.w.org\/{rel}","templated":true}]}}